{"id":260,"date":"2024-11-03T11:03:50","date_gmt":"2024-11-03T11:03:50","guid":{"rendered":"http:\/\/localhost:8080\/?page_id=260"},"modified":"2025-10-16T17:06:48","modified_gmt":"2025-10-16T15:06:48","slug":"kontakt","status":"publish","type":"page","link":"https:\/\/vinarijabreg.com\/en\/kontakt\/","title":{"rendered":"Kontakt"},"content":{"rendered":"<div>Follow us<\/div>\n<ul>\n<li><a href=\"https:\/\/www.instagram.com\/bregvinarija\/\">instagram<\/a>\n<\/li>\n<li><a href=\"\">social<\/a>\n<\/li>\n<li><a href=\"\">social<\/a>\n<\/li>\n<\/ul>\n<h1>Kontaktirajte nas<\/h1>\n<div>\n<p><strong>Vinarija Breg<br \/>\nKr\u010dedin, Glavna 158,<br ><br \/>\nSrbija<\/strong><\/p>\n<p><a href=\"mailto:vesteg.breg@gmail.com\">vesteg.breg@gmail.com<\/a><br \/>\n<a href=\"tel:+381603706050\">tel: +381 60 370 60 50<\/a><\/p>\n<\/div>\n<div>\n<div id=\"map\"><\/div>\n<\/div>\n<div>\n<p>Dobrodo\u0161li na stranicu <strong>Vinarije Breg!<\/strong> Ako imate pitanja, \u017eelite saznati vi\u0161e o na\u0161im vinima ili dogovoriti posetu, slobodno nam pi\u0161ite. Va\u0161e zadovoljstvo i ljubav prema vinu su na\u0161a najve\u0107a inspiracija.<\/p>\n<p>Kroz kontakt formu mo\u017eete izvr\u0161iti i zakazivanje, kao i zahtev za izdavanje Membership kartice<\/p>\n<p>O\u010dekujemo vas!<\/p>\n<\/div>\n<div>\n<div uk-slideshow=\"animation: fade; autoplay: true; autoplay-interval: 5000; pause-on-hover: true ratio: false; max-height: 210; animation: scale;\">\n<ul class=\"uk-slideshow-items uk-text-center uk-margin-medium-top\">\n<li>\n<div class=\"el-item\">\n<div class=\"uk-text-primary uk-heading-medium uk-margin-top uk-margin-remove-bottom\">Vino je poezija u boci<\/div>\n<div class=\"uk-text-primary uk-heading-small uk-margin-small-top uk-text-italic\">Robert Louis Stevenson<\/div>\n<\/p><\/div>\n<\/li>\n<li>\n<div class=\"el-item\">\n<div class=\"uk-text-primary uk-heading-medium uk-margin-top uk-margin-remove-bottom\">Nekoliko \u010da\u0161a vina sklope stotinu poslova<\/div>\n<div class=\"uk-text-primary uk-heading-small uk-margin-small-top uk-text-italic\">Kineska poslovica<\/div>\n<\/p><\/div>\n<\/li>\n<li>\n<div class=\"el-item\">\n<div class=\"uk-text-primary uk-heading-medium uk-margin-top uk-margin-remove-bottom\">Dan bez vina, dan bez sunca<\/div>\n<div class=\"uk-text-primary uk-heading-small uk-margin-small-top uk-text-italic\">Francuska poslovica<\/div>\n<\/p><\/div>\n<\/li>\n<li>\n<div class=\"el-item\">\n<div class=\"uk-text-primary uk-heading-medium uk-margin-top uk-margin-remove-bottom\">Ko ima dobro vino, ima dobrog prijatelja<\/div>\n<div class=\"uk-text-primary uk-heading-small uk-margin-small-top uk-text-italic\">Portugalska poslovica<\/div>\n<\/p><\/div>\n<\/li>\n<li>\n<div class=\"el-item\">\n<div class=\"uk-text-primary uk-heading-medium uk-margin-top uk-margin-remove-bottom\">Vino voli visinu i dobar pogled, voli da gleda odozgo<\/div>\n<div class=\"uk-text-primary uk-heading-small uk-margin-small-top uk-text-italic\">Bela Hamva\u0161 \u2013 Filozofija vina<\/div>\n<\/p><\/div>\n<\/li>\n<\/ul>\n<\/div>\n<\/div>\n<ul>\n<li>\n<p><img decoding=\"async\" src=\"\/wp-content\/uploads\/2025\/05\/Galery-16.jpg\" alt=\"\"><\/p>\n<p><a href=\"#\"><\/a><\/p>\n<\/li>\n<li>\n<p><img decoding=\"async\" src=\"\/wp-content\/uploads\/2024\/12\/Galery-02.jpg\" alt=\"\"><\/p>\n<p><a href=\"#\"><\/a><\/p>\n<\/li>\n<li>\n<p><img decoding=\"async\" src=\"\/wp-content\/uploads\/2024\/12\/Galery-04.jpg\" alt=\"\"><\/p>\n<p><a href=\"#\"><\/a><\/p>\n<\/li>\n<li>\n<p><img decoding=\"async\" src=\"\/wp-content\/uploads\/2024\/12\/Galery-05.jpg\" alt=\"\"><\/p>\n<p><a href=\"#\"><\/a><\/p>\n<\/li>\n<li>\n<p><img decoding=\"async\" src=\"\/wp-content\/uploads\/2024\/12\/Galery-06.jpg\" alt=\"\"><\/p>\n<p><a href=\"#\"><\/a><\/p>\n<\/li>\n<li>\n<p><img decoding=\"async\" src=\"\/wp-content\/uploads\/2025\/05\/Galery-17.jpg\" alt=\"\"><\/p>\n<p><a href=\"#\"><\/a><\/p>\n<\/li>\n<li>\n<p><img decoding=\"async\" src=\"\/wp-content\/uploads\/2025\/05\/Galery-18.jpg\" alt=\"\"><\/p>\n<p><a href=\"#\"><\/a><\/p>\n<\/li>\n<li>\n<p><img decoding=\"async\" src=\"\/wp-content\/uploads\/2024\/12\/Galery-10.jpg\" alt=\"\"><\/p>\n<p><a href=\"#\"><\/a><\/p>\n<\/li>\n<li>\n<p><img decoding=\"async\" src=\"\/wp-content\/uploads\/2024\/12\/Galery-11.jpg\" alt=\"\"><\/p>\n<p><a href=\"#\"><\/a><\/p>\n<\/li>\n<li>\n<p><img decoding=\"async\" src=\"\/wp-content\/uploads\/2025\/05\/Galery-19-1.jpg\" alt=\"\"><\/p>\n<p><a href=\"#\"><\/a><\/p>\n<\/li>\n<li>\n<p><img decoding=\"async\" src=\"\/wp-content\/uploads\/2025\/05\/Galery-19.jpg\" alt=\"\"><\/p>\n<p><a href=\"#\"><\/a><\/p>\n<\/li>\n<\/ul>\n<p><!--more--><br \/>\n<!-- {\"type\":\"layout\",\"children\":[{\"name\":\"widget\",\"type\":\"section\",\"props\":{\"header_transparent\":true,\"image_position\":\"center-center\",\"media_blend_mode\":\"multiply\",\"padding\":\"xlarge\",\"padding_remove_bottom\":false,\"padding_remove_horizontal\":true,\"style\":\"default\",\"title_breakpoint\":\"xl\",\"title_position\":\"top-left\",\"title_rotation\":\"left\",\"vertical_align\":\"\",\"video\":\"wp-content\\\/uploads\\\/2024\\\/11\\\/vinarija3.mp4\",\"width\":\"xlarge\"},\"children\":[{\"type\":\"row\",\"children\":[{\"type\":\"column\",\"props\":{\"image_position\":\"center-center\",\"position_sticky_breakpoint\":\"m\",\"width_medium\":\"1-5\"},\"children\":[{\"type\":\"text\",\"props\":{\"animation\":\"fade\",\"class\":\"text-rotate\",\"column_breakpoint\":\"m\",\"content\":\"Follow us\",\"margin\":\"default\",\"margin_remove_bottom\":true,\"margin_remove_top\":true,\"text_color\":\"emphasis\",\"text_style\":\"small\"}},{\"type\":\"social\",\"props\":{\"blend\":false,\"grid\":\"vertical\",\"grid_column_gap\":\"small\",\"grid_row_gap\":\"small\",\"icon_width\":\"32\",\"image_svg_inline\":true,\"link_style\":\"\",\"margin\":\"default\",\"text_align\":\"left\"},\"children\":[{\"type\":\"social_item\",\"props\":{\"link\":\"https:\\\/\\\/www.instagram.com\\\/bregvinarija\\\/\"}},{\"type\":\"social_item\",\"props\":{\"icon\":\"facebook\"}},{\"type\":\"social_item\",\"props\":{\"icon\":\"youtube\"}}]}]},{\"type\":\"column\",\"props\":{\"image_position\":\"center-center\",\"position_sticky_breakpoint\":\"m\",\"width_medium\":\"4-5\"}}],\"props\":{\"layout\":\"1-5,4-5\"}}]},{\"type\":\"section\",\"props\":{\"image_position\":\"center-center\",\"style\":\"default\",\"title_breakpoint\":\"xl\",\"title_position\":\"top-left\",\"title_rotation\":\"left\",\"vertical_align\":\"middle\",\"width\":\"default\"},\"children\":[{\"type\":\"row\",\"children\":[{\"type\":\"column\",\"props\":{\"image_position\":\"center-center\",\"position_sticky_breakpoint\":\"m\"},\"children\":[{\"type\":\"headline\",\"props\":{\"content\":\"Kontaktirajte nas\",\"title_element\":\"h1\"}}]}]},{\"type\":\"row\",\"props\":{\"layout\":\"1-2,1-2\"},\"children\":[{\"type\":\"column\",\"props\":{\"image_position\":\"center-center\",\"position_sticky_breakpoint\":\"m\",\"width_medium\":\"1-2\"},\"children\":[{\"type\":\"text\",\"props\":{\"column_breakpoint\":\"m\",\"content\":\"\n\n<p><strong>Vinarija Breg<br\\\/>\\nKr\\u010dedin, Glavna 158,<br >\\nSrbija<\\\/strong><\\\/p>\\n\\n\n\n<p><a href=\\\"mailto:vesteg.breg@gmail.com\\\">vesteg.breg@gmail.com<\\\/a><br \\\/>\\n<a href=\\\"tel:+381603706050\\\">tel: +381 60 370 60 50<\\\/a><\\\/p>\",\"margin\":\"default\"}},{\"type\":\"text\",\"props\":{\"column_breakpoint\":\"m\",\"content\":\"\n\n<div id=\\\"map\\\"><\\\/div>\",\"css\":\"#map{\\n    height:600px;\\n    width: 100%;\\n}\",\"margin\":\"default\"}}]},{\"type\":\"column\",\"props\":{\"image_position\":\"center-center\",\"position_sticky_breakpoint\":\"m\",\"width_medium\":\"1-2\"},\"children\":[{\"type\":\"text\",\"props\":{\"column_breakpoint\":\"m\",\"content\":\"\n\n<p>Dobrodo\\u0161li na stranicu <strong>Vinarije Breg!<\\\/strong> Ako imate pitanja, \\u017eelite saznati vi\\u0161e o na\\u0161im vinima ili dogovoriti posetu, slobodno nam pi\\u0161ite. Va\\u0161e zadovoljstvo i ljubav prema vinu su na\\u0161a najve\\u0107a inspiracija.<\\\/p>\\n\n\n<p>Kroz kontakt formu mo\\u017eete izvr\\u0161iti i zakazivanje, kao i zahtev za izdavanje Membership kartice<\\\/p>\\n\n\n<p>O\\u010dekujemo vas!<\\\/p>\",\"margin\":\"default\"}},{\"type\":\"module\",\"props\":{\"css\":\".wpcf7-text{\\n    height:35px;\\n    border-radius: 5px;\\n    border: 1px solid #0B1D26;\\n    background: #ede4d7;\\n    width: 100%;\\n}\\n\\n.wpcf7-textarea{\\n    border-radius: 5px;\\n    border: 1px solid #0B1D26;\\n    background: #ede4d7;\\n    width: 100%;\\n}\\n.wpcf7-submit{\\n    background: transparent;\\n    border: 1px solid #CFAA16;\\n    color: #CFAA16;\\n    padding: 10px 20px;\\n    cursor: pointer;\\n}\",\"menu_image_align\":\"center\",\"menu_image_margin\":true,\"menu_style\":\"default\",\"menu_type\":\"nav\",\"type\":\"custom_html\",\"widget\":\"custom_html-2\"}}]}]}]},{\"type\":\"section\",\"props\":{\"image_position\":\"center-center\",\"padding\":\"small\",\"padding_remove_bottom\":true,\"padding_remove_horizontal\":true,\"padding_remove_top\":false,\"style\":\"secondary\",\"title_breakpoint\":\"xl\",\"title_position\":\"top-left\",\"title_rotation\":\"left\",\"vertical_align\":\"middle\",\"width\":\"default\"},\"children\":[{\"type\":\"row\",\"props\":{\"alignment\":\"center\",\"column_gap\":\"collapse\",\"margin_remove_bottom\":true,\"margin_remove_top\":true},\"children\":[{\"type\":\"column\",\"props\":{\"image_position\":\"center-center\",\"position_sticky_breakpoint\":\"m\"},\"children\":[{\"type\":\"text\",\"props\":{\"column_breakpoint\":\"m\",\"content\":\"\n\n<div uk-slideshow=\\\"animation: fade; autoplay: true; autoplay-interval: 5000; pause-on-hover: true ratio: false; max-height: 210; animation: scale;\\\">\\n    \n\n<ul class=\\\"uk-slideshow-items uk-text-center uk-margin-medium-top\\\">\\n        \n\n<li>\\n            \n\n<div class=\\\"el-item\\\">\\n                \n\n<div class=\\\"uk-text-primary uk-heading-medium uk-margin-top uk-margin-remove-bottom\\\">Vino je poezija u boci<\\\/div>\\n                \n\n<div class=\\\"uk-text-primary uk-heading-small uk-margin-small-top uk-text-italic\\\">Robert Louis Stevenson<\\\/div>\\n            <\\\/div>\\n        <\\\/li>\\n        \n\n<li>\\n            \n\n<div class=\\\"el-item\\\">\\n                \n\n<div class=\\\"uk-text-primary uk-heading-medium uk-margin-top uk-margin-remove-bottom\\\">Nekoliko \\u010da\\u0161a vina sklope stotinu poslova<\\\/div>\\n                \n\n<div class=\\\"uk-text-primary uk-heading-small uk-margin-small-top uk-text-italic\\\">Kineska poslovica<\\\/div>\\n            <\\\/div>\\n        <\\\/li>\\n        \n\n<li>\\n            \n\n<div class=\\\"el-item\\\">\\n                \n\n<div class=\\\"uk-text-primary uk-heading-medium uk-margin-top uk-margin-remove-bottom\\\">Dan bez vina, dan bez sunca<\\\/div>\\n                \n\n<div class=\\\"uk-text-primary uk-heading-small uk-margin-small-top uk-text-italic\\\">Francuska poslovica<\\\/div>\\n            <\\\/div>\\n        <\\\/li>\\n        \n\n<li>\\n            \n\n<div class=\\\"el-item\\\">\\n                \n\n<div class=\\\"uk-text-primary uk-heading-medium uk-margin-top uk-margin-remove-bottom\\\">Ko ima dobro vino, ima dobrog prijatelja<\\\/div>\\n                \n\n<div class=\\\"uk-text-primary uk-heading-small uk-margin-small-top uk-text-italic\\\">Portugalska poslovica<\\\/div>\\n            <\\\/div>\\n        <\\\/li>\\n        \n\n<li>\\n            \n\n<div class=\\\"el-item\\\">\\n                \n\n<div class=\\\"uk-text-primary uk-heading-medium uk-margin-top uk-margin-remove-bottom\\\">Vino voli visinu i dobar pogled, voli da gleda odozgo<\\\/div>\\n                \n\n<div class=\\\"uk-text-primary uk-heading-small uk-margin-small-top uk-text-italic\\\">Bela Hamva\\u0161 \\u2013 Filozofija vina<\\\/div>\\n            <\\\/div>\\n        <\\\/li>\\n    <\\\/ul>\\n<\\\/div>\",\"margin\":\"default\"}}]}]}]},{\"type\":\"section\",\"props\":{\"class\":\"uk-padding-remove remove-padding slider-cus\",\"image_position\":\"center-center\",\"padding\":\"none\",\"padding_remove_bottom\":true,\"padding_remove_top\":true,\"style\":\"default\",\"title_breakpoint\":\"xl\",\"title_position\":\"top-left\",\"title_rotation\":\"left\",\"vertical_align\":\"middle\",\"width\":\"expand\"},\"children\":[{\"type\":\"row\",\"children\":[{\"type\":\"column\",\"props\":{\"image_position\":\"center-center\",\"position_sticky_breakpoint\":\"m\",\"prevent_collapse\":false},\"children\":[{\"name\":\"Panel Slider Column Gap Small\",\"type\":\"panel-slider\",\"children\":[{\"type\":\"panel-slider_item\",\"props\":{\"content\":\"\",\"image\":\"wp-content\\\/uploads\\\/2025\\\/05\\\/Galery-16.jpg\",\"link\":\"#\",\"meta\":\"\",\"title\":\"\"}},{\"type\":\"panel-slider_item\",\"props\":{\"content\":\"\",\"image\":\"wp-content\\\/uploads\\\/2024\\\/12\\\/Galery-02.jpg\",\"link\":\"#\",\"meta\":\"\",\"title\":\"\"}},{\"type\":\"panel-slider_item\",\"props\":{\"content\":\"\",\"image\":\"wp-content\\\/uploads\\\/2024\\\/12\\\/Galery-04.jpg\",\"link\":\"#\",\"meta\":\"\",\"title\":\"\"}},{\"type\":\"panel-slider_item\",\"props\":{\"content\":\"\",\"image\":\"wp-content\\\/uploads\\\/2024\\\/12\\\/Galery-05.jpg\",\"link\":\"#\",\"meta\":\"\",\"title\":\"\"}},{\"type\":\"panel-slider_item\",\"props\":{\"content\":\"\",\"image\":\"wp-content\\\/uploads\\\/2024\\\/12\\\/Galery-06.jpg\",\"link\":\"#\",\"meta\":\"\",\"title\":\"\"}},{\"type\":\"panel-slider_item\",\"props\":{\"content\":\"\",\"image\":\"wp-content\\\/uploads\\\/2025\\\/05\\\/Galery-17.jpg\",\"link\":\"#\",\"meta\":\"\",\"title\":\"\"}},{\"type\":\"panel-slider_item\",\"props\":{\"content\":\"\",\"image\":\"wp-content\\\/uploads\\\/2025\\\/05\\\/Galery-18.jpg\",\"link\":\"#\",\"meta\":\"\",\"title\":\"\"}},{\"type\":\"panel-slider_item\",\"props\":{\"content\":\"\",\"image\":\"wp-content\\\/uploads\\\/2024\\\/12\\\/Galery-10.jpg\",\"link\":\"#\",\"meta\":\"\",\"title\":\"\"}},{\"type\":\"panel-slider_item\",\"props\":{\"content\":\"\",\"image\":\"wp-content\\\/uploads\\\/2024\\\/12\\\/Galery-11.jpg\",\"link\":\"#\",\"meta\":\"\",\"title\":\"\"}},{\"type\":\"panel-slider_item\",\"props\":{\"content\":\"\",\"image\":\"wp-content\\\/uploads\\\/2025\\\/05\\\/Galery-19-1.jpg\",\"link\":\"#\",\"meta\":\"\",\"title\":\"\"}},{\"type\":\"panel-slider_item\",\"props\":{\"content\":\"\",\"image\":\"wp-content\\\/uploads\\\/2025\\\/05\\\/Galery-19.jpg\",\"link\":\"#\",\"meta\":\"\",\"title\":\"\"}}],\"props\":{\"blend\":false,\"class\":\"uk-padding-remove\",\"container_padding_remove\":true,\"content_column_breakpoint\":\"m\",\"icon_width\":80,\"image_align\":\"between\",\"image_grid_breakpoint\":\"m\",\"image_grid_width\":\"1-2\",\"image_height\":\"400px\",\"image_link\":false,\"image_loading\":true,\"image_svg_color\":\"emphasis\",\"image_transition\":\"scale-up\",\"image_width\":\"400px\",\"link_fullwidth\":false,\"link_margin\":\"remove\",\"link_style\":\"text\",\"link_text\":\"\",\"margin\":\"default\",\"margin_remove_bottom\":true,\"margin_remove_top\":false,\"meta_align\":\"below-title\",\"meta_color\":\"emphasis\",\"meta_element\":\"div\",\"meta_margin\":\"remove\",\"meta_style\":\"text-meta\",\"nav\":\"\",\"nav_align\":\"center\",\"nav_breakpoint\":\"s\",\"nav_margin\":\"medium\",\"panel_card_offset\":true,\"panel_expand\":\"content\",\"panel_link\":false,\"panel_match\":true,\"panel_style\":\"card-default\",\"show_content\":false,\"show_image\":true,\"show_link\":true,\"show_meta\":false,\"show_title\":false,\"slidenav\":\"default\",\"slidenav_breakpoint\":\"\",\"slidenav_color\":\"light\",\"slidenav_hover\":false,\"slidenav_large\":true,\"slidenav_margin\":\"small\",\"slidenav_outside_breakpoint\":\"xl\",\"slider_autoplay\":true,\"slider_autoplay_interval\":\"6\",\"slider_autoplay_pause\":false,\"slider_center\":true,\"slider_divider\":false,\"slider_gap\":\"\",\"slider_parallax\":false,\"slider_sets\":false,\"slider_width\":\"\",\"slider_width_default\":\"1-2\",\"slider_width_medium\":\"1-3\",\"slider_width_small\":\"1-3\",\"title_align\":\"top\",\"title_element\":\"h3\",\"title_grid_breakpoint\":\"m\",\"title_grid_width\":\"1-2\",\"title_hover_style\":\"reset\",\"title_link\":true,\"title_style\":\"h5\"}}]}],\"props\":{\"column_gap\":\"collapse\",\"margin\":\"remove-vertical\",\"margin_remove_bottom\":true,\"margin_remove_top\":true,\"row_gap\":\"collapse\"}}],\"name\":\"Fade In slider-26.05.2025\"}],\"version\":\"4.4.12\"} --><\/p>","protected":false},"excerpt":{"rendered":"<p>Follow us instagram social social Kontaktirajte nas Vinarija Breg Kr\u010dedin, Glavna 158, Srbija vesteg.breg@gmail.com tel: +381 60 370 60 50 Dobrodo\u0161li na stranicu Vinarije Breg! Ako imate pitanja, \u017eelite saznati vi\u0161e o na\u0161im vinima ili dogovoriti posetu, slobodno nam pi\u0161ite. Va\u0161e zadovoljstvo i ljubav prema vinu su na\u0161a najve\u0107a inspiracija. Kroz kontakt formu mo\u017eete izvr\u0161iti [&hellip;]<\/p>","protected":false},"author":1,"featured_media":0,"parent":0,"menu_order":0,"comment_status":"closed","ping_status":"closed","template":"","meta":{"footnotes":""},"class_list":["post-260","page","type-page","status-publish","hentry"],"_links":{"self":[{"href":"https:\/\/vinarijabreg.com\/en\/wp-json\/wp\/v2\/pages\/260","targetHints":{"allow":["GET"]}}],"collection":[{"href":"https:\/\/vinarijabreg.com\/en\/wp-json\/wp\/v2\/pages"}],"about":[{"href":"https:\/\/vinarijabreg.com\/en\/wp-json\/wp\/v2\/types\/page"}],"author":[{"embeddable":true,"href":"https:\/\/vinarijabreg.com\/en\/wp-json\/wp\/v2\/users\/1"}],"replies":[{"embeddable":true,"href":"https:\/\/vinarijabreg.com\/en\/wp-json\/wp\/v2\/comments?post=260"}],"version-history":[{"count":32,"href":"https:\/\/vinarijabreg.com\/en\/wp-json\/wp\/v2\/pages\/260\/revisions"}],"predecessor-version":[{"id":1779,"href":"https:\/\/vinarijabreg.com\/en\/wp-json\/wp\/v2\/pages\/260\/revisions\/1779"}],"wp:attachment":[{"href":"https:\/\/vinarijabreg.com\/en\/wp-json\/wp\/v2\/media?parent=260"}],"curies":[{"name":"wp","href":"https:\/\/api.w.org\/{rel}","templated":true}]}}