{"id":1712,"date":"2025-10-14T17:14:22","date_gmt":"2025-10-14T15:14:22","guid":{"rendered":"https:\/\/vinarijabreg.com\/?page_id=1712"},"modified":"2025-10-16T19:25:02","modified_gmt":"2025-10-16T17:25:02","slug":"membership","status":"publish","type":"page","link":"https:\/\/vinarijabreg.com\/en\/membership\/","title":{"rendered":"Membership"},"content":{"rendered":"<h1>KLUB \u010cLANOVA<\/h1>\n<div>\n<div uk-slideshow=\"animation: fade; autoplay: true; autoplay-interval: 3500; pause-on-hover: true ratio: false; max-height: 120; animation: scale;\">\n<ul class=\"uk-slideshow-items uk-text-center uk-margin-medium-top\">\n<li>\n<div class=\"el-item\">\n<p class=\"uk-text-primary uk-heading-medium uk-margin-top uk-margin-remove-bottom\">Na obroncima na\u0161eg brega pri\u010da po\u010dinje, zavirimo zajedno<\/p>\n<\/div>\n<\/li>\n<li>\n<div class=\"el-item\">\n<div class=\"uk-text-primary uk-heading-medium uk-margin-top uk-margin-remove-bottom\">Za one koji vino ne piju, ve\u0107 ga \u017eive<\/div>\n<\/div>\n<\/li>\n<li>\n<div class=\"el-item\">\n<div class=\"uk-text-primary uk-heading-medium uk-margin-top uk-margin-remove-bottom\">Mesto susreta ljudi, ukusa i se\u0107anja<\/div>\n<\/div>\n<\/li>\n<\/ul>\n<\/div>\n<\/div>\n<hr>\n<div>\n<h6 style=\"text-align: center;\">Na\u0161a vinarija nudi mogu\u0107nost da postanete deo na\u0161eg kluba i ostvarite mnogobrojne povoljnosti<\/h6>\n<\/div>\n<hr>\n<hr>\n<div>\n<h6>U nastavku mo\u017eete pogledati cene paketa kao i njihov sadr\u017eaj<\/h6>\n<blockquote>\n<p><strong>Pla\u0107anjem godi\u0161nje \u010dlanarine\u00a0 ostvarujete popust u vrednosti od dve mese\u010dne \u010dlanarine.<\/strong><\/p>\n<\/blockquote>\n<\/div>\n<hr>\n<ul>\n<li>\n<p><img decoding=\"async\" src=\"\/wp-content\/uploads\/2025\/10\/SILVER-ispravna-b.png\" alt=\"\"><\/p>\n<h2>SILVER<\/h2>\n<p>200 eur<\/p>\n<div>\n<p>1.<\/p>\n<p>2.<\/p>\n<p>3.<\/p>\n<p>4.<\/p>\n<p>5.<\/p>\n<\/div>\n<\/li>\n<li>\n<p><img decoding=\"async\" src=\"\/wp-content\/uploads\/2025\/10\/GOLD-ispravna.png\" alt=\"\"><\/p>\n<h2>GOLD<\/h2>\n<p>300 eur<\/p>\n<div>\n<p>1.<\/p>\n<p>2.<\/p>\n<p>3.<\/p>\n<p>4.<\/p>\n<p>5.<\/p>\n<\/div>\n<\/li>\n<li>\n<p><img decoding=\"async\" src=\"\/wp-content\/uploads\/2025\/10\/PLATINUM-ispravna.png\" alt=\"\"><\/p>\n<h2>PLATINUM<\/h2>\n<p>500 eur<\/p>\n<div>\n<p>1.<\/p>\n<p>2.<\/p>\n<p>3.<\/p>\n<p>4.<\/p>\n<p>5.<\/p>\n<\/div>\n<\/li>\n<li>\n<p><img decoding=\"async\" src=\"\/wp-content\/uploads\/2025\/10\/SILVER-ispravna-b.png\" alt=\"\"><\/p>\n<h2>SILVER<\/h2>\n<p>20 EUR<\/p>\n<div>\n<p>1.<\/p>\n<p>2.<\/p>\n<p>3.<\/p>\n<p>4.<\/p>\n<p>5.<\/p>\n<\/div>\n<\/li>\n<li>\n<p><img decoding=\"async\" src=\"\/wp-content\/uploads\/2025\/10\/GOLD-ispravna.png\" alt=\"\"><\/p>\n<h2>GOLD<\/h2>\n<p>30 EUR<\/p>\n<div>\n<p>1.<\/p>\n<p>2.<\/p>\n<p>3.<\/p>\n<p>4.<\/p>\n<p>5.<\/p>\n<\/div>\n<\/li>\n<li>\n<p><img decoding=\"async\" src=\"\/wp-content\/uploads\/2025\/10\/PLATINUM-ispravna.png\" alt=\"\"><\/p>\n<h2>PLATINUM<\/h2>\n<p>50 EUR<\/p>\n<div>\n<p>1.<\/p>\n<p>2.<\/p>\n<p>3.<\/p>\n<p>4.<\/p>\n<p>5.<\/p>\n<\/div>\n<\/li>\n<\/ul>\n<hr>\n<p>\n    <a href=\"https:\/\/vinarijabreg.com\/en\/kontak\/\">Po\u0161aljite zahtev i naru\u010dite jedan od paketa<\/a>\n<\/p>\n<p><!--more--><br \/>\n<!-- {\"type\":\"layout\",\"children\":[{\"type\":\"section\",\"props\":{\"image_position\":\"center-center\",\"style\":\"default\",\"title_breakpoint\":\"xl\",\"title_position\":\"top-left\",\"title_rotation\":\"left\",\"vertical_align\":\"middle\",\"width\":\"default\"},\"children\":[{\"type\":\"row\",\"children\":[{\"type\":\"column\",\"props\":{\"image_position\":\"center-center\",\"position_sticky_breakpoint\":\"m\"},\"children\":[{\"type\":\"headline\",\"props\":{\"blend\":false,\"content\":\"KLUB \\u010cLANOVA\",\"margin_remove_bottom\":false,\"margin_remove_top\":false,\"text_align\":\"center\",\"title_element\":\"h1\",\"title_font_family\":\"default\"}},{\"type\":\"text\",\"props\":{\"column_breakpoint\":\"m\",\"content\":\"\n\n<div uk-slideshow=\\\"animation: fade; autoplay: true; autoplay-interval: 3500; pause-on-hover: true ratio: false; max-height: 120; animation: scale;\\\">\\n\n\n<ul class=\\\"uk-slideshow-items uk-text-center uk-margin-medium-top\\\">\\n\n\n<li>\\n\n\n<div class=\\\"el-item\\\">\\n\n\n<p class=\\\"uk-text-primary uk-heading-medium uk-margin-top uk-margin-remove-bottom\\\">Na obroncima na\\u0161eg brega pri\\u010da po\\u010dinje, zavirimo zajedno<\\\/p>\\n<\\\/div>\\n<\\\/li>\\n\n\n<li>\\n\n\n<div class=\\\"el-item\\\">\\n\n\n<div class=\\\"uk-text-primary uk-heading-medium uk-margin-top uk-margin-remove-bottom\\\">Za one koji vino ne piju, ve\\u0107 ga \\u017eive<\\\/div>\\n<\\\/div>\\n<\\\/li>\\n\n\n<li>\\n\n\n<div class=\\\"el-item\\\">\\n\n\n<div class=\\\"uk-text-primary uk-heading-medium uk-margin-top uk-margin-remove-bottom\\\">Mesto susreta ljudi, ukusa i se\\u0107anja<\\\/div>\\n<\\\/div>\\n<\\\/li>\\n<\\\/ul>\\n<\\\/div>\",\"dropcap\":false,\"margin\":\"default\"}},{\"type\":\"divider\",\"props\":{\"divider_element\":\"hr\"}},{\"type\":\"text\",\"props\":{\"column_breakpoint\":\"m\",\"content\":\"\n\n<h6 style=\\\"text-align: center;\\\">Na\\u0161a vinarija nudi mogu\\u0107nost da postanete deo na\\u0161eg kluba i ostvarite mnogobrojne povoljnosti<\\\/h6>\",\"margin\":\"default\"}},{\"type\":\"divider\",\"props\":{\"divider_element\":\"hr\"}},{\"type\":\"divider\",\"props\":{\"divider_element\":\"hr\"}},{\"type\":\"text\",\"props\":{\"column_breakpoint\":\"m\",\"content\":\"\n\n<h6>U nastavku mo\\u017eete pogledati cene paketa kao i njihov sadr\\u017eaj<\\\/h6>\\n\n\n<blockquote>\\n\n\n<p><strong>Pla\\u0107anjem godi\\u0161nje \\u010dlanarine\\u00a0 ostvarujete popust u vrednosti od dve mese\\u010dne \\u010dlanarine.<\\\/strong><\\\/p>\\n<\\\/blockquote>\",\"margin\":\"default\"}},{\"type\":\"divider\",\"props\":{\"divider_element\":\"hr\"}}]}]}]},{\"type\":\"section\",\"props\":{\"image_position\":\"center-center\",\"style\":\"default\",\"title_breakpoint\":\"xl\",\"title_position\":\"top-left\",\"title_rotation\":\"left\",\"vertical_align\":\"middle\",\"width\":\"default\"},\"children\":[{\"type\":\"row\",\"children\":[{\"type\":\"column\",\"props\":{\"image_position\":\"center-center\",\"position_sticky_breakpoint\":\"m\"},\"children\":[{\"name\":\"Grid Filter Pill\",\"type\":\"grid\",\"children\":[{\"type\":\"grid_item\",\"props\":{\"content\":\"\n\n<p>1.<\\\/p>\\n\n\n<p>2.<\\\/p>\\n\n\n<p>3.<\\\/p>\\n\n\n<p>4.<\\\/p>\\n\n\n<p>5.<\\\/p>\",\"image\":\"wp-content\\\/uploads\\\/2025\\\/10\\\/SILVER-ispravna-b.png\",\"meta\":\"200 eur\",\"tags\":\"GODI\\u0160NJE\",\"title\":\"SILVER\"}},{\"type\":\"grid_item\",\"props\":{\"content\":\"\n\n<p>1.<\\\/p>\\n\n\n<p>2.<\\\/p>\\n\n\n<p>3.<\\\/p>\\n\n\n<p>4.<\\\/p>\\n\n\n<p>5.<\\\/p>\",\"image\":\"wp-content\\\/uploads\\\/2025\\\/10\\\/GOLD-ispravna.png\",\"meta\":\"300 eur\",\"tags\":\"GODI\\u0160NJE\",\"title\":\"GOLD\"}},{\"type\":\"grid_item\",\"props\":{\"content\":\"\n\n<p>1.<\\\/p>\\n\n\n<p>2.<\\\/p>\\n\n\n<p>3.<\\\/p>\\n\n\n<p>4.<\\\/p>\\n\n\n<p>5.<\\\/p>\",\"image\":\"wp-content\\\/uploads\\\/2025\\\/10\\\/PLATINUM-ispravna.png\",\"meta\":\"500 eur\",\"tags\":\"GODI\\u0160NJE\",\"title\":\"PLATINUM\"}},{\"type\":\"grid_item\",\"props\":{\"content\":\"\n\n<p>1.<\\\/p>\\n\n\n<p>2.<\\\/p>\\n\n\n<p>3.<\\\/p>\\n\n\n<p>4.<\\\/p>\\n\n\n<p>5.<\\\/p>\",\"image\":\"wp-content\\\/uploads\\\/2025\\\/10\\\/SILVER-ispravna-b.png\",\"meta\":\"20 EUR\",\"tags\":\"MESE\\u010cNO\",\"title\":\"SILVER\"}},{\"type\":\"grid_item\",\"props\":{\"content\":\"\n\n<p>1.<\\\/p>\\n\n\n<p>2.<\\\/p>\\n\n\n<p>3.<\\\/p>\\n\n\n<p>4.<\\\/p>\\n\n\n<p>5.<\\\/p>\",\"image\":\"wp-content\\\/uploads\\\/2025\\\/10\\\/GOLD-ispravna.png\",\"meta\":\"30 EUR\",\"tags\":\"MESE\\u010cNO\",\"title\":\"GOLD\"}},{\"type\":\"grid_item\",\"props\":{\"content\":\"\n\n<p>1.<\\\/p>\\n\n\n<p>2.<\\\/p>\\n\n\n<p>3.<\\\/p>\\n\n\n<p>4.<\\\/p>\\n\n\n<p>5.<\\\/p>\",\"image\":\"wp-content\\\/uploads\\\/2025\\\/10\\\/PLATINUM-ispravna.png\",\"meta\":\"50 EUR\",\"tags\":\"MESE\\u010cNO\",\"title\":\"PLATINUM\"}}],\"props\":{\"content_align\":false,\"content_column_breakpoint\":\"m\",\"content_dropcap\":false,\"filter\":true,\"filter_align\":\"center\",\"filter_all\":false,\"filter_animation\":\"false\",\"filter_grid_breakpoint\":\"m\",\"filter_grid_width\":\"auto\",\"filter_margin\":\"medium\",\"filter_position\":\"top\",\"filter_style\":\"subnav-pill\",\"grid_column_align\":false,\"grid_default\":\"1\",\"grid_divider\":false,\"grid_medium\":\"3\",\"grid_parallax_justify\":false,\"grid_row_align\":false,\"grid_row_gap\":\"small\",\"icon_width\":80,\"image_align\":\"top\",\"image_grid_breakpoint\":\"m\",\"image_grid_width\":\"1-2\",\"image_link\":false,\"image_svg_color\":\"emphasis\",\"item_animation\":true,\"item_maxwidth\":\"large\",\"lightbox\":false,\"lightbox_bg_close\":true,\"link_fullwidth\":true,\"link_margin\":\"large\",\"link_style\":\"default\",\"link_target\":false,\"link_text\":\"Po\\u0161alji zahtev\",\"margin\":\"default\",\"meta_align\":\"above-title\",\"meta_color\":\"muted\",\"meta_element\":\"div\",\"meta_style\":\"h4\",\"panel_expand\":\"content\",\"panel_link\":true,\"panel_link_hover\":\"true\",\"panel_padding\":\"large\",\"panel_style\":\"card-default\",\"show_content\":true,\"show_hover_image\":true,\"show_hover_video\":true,\"show_image\":true,\"show_link\":true,\"show_meta\":true,\"show_title\":true,\"show_video\":true,\"title_align\":\"top\",\"title_color\":\"secondary\",\"title_element\":\"h2\",\"title_grid_breakpoint\":\"m\",\"title_grid_width\":\"1-2\",\"title_hover_style\":\"reset\",\"title_link\":true,\"title_margin\":\"small\",\"title_style\":\"heading-small\"}},{\"type\":\"divider\",\"props\":{\"divider_element\":\"hr\"}},{\"type\":\"button\",\"props\":{\"button_size\":\"large\",\"fullwidth\":true,\"grid_column_gap\":\"small\",\"grid_row_gap\":\"small\",\"margin\":\"default\"},\"children\":[{\"type\":\"button_item\",\"props\":{\"button_style\":\"default\",\"content\":\"Po\\u0161aljite zahtev i naru\\u010dite jedan od paketa\",\"icon_align\":\"left\",\"link\":\"https:\\\/\\\/vinarijabreg.com\\\/kontak\"}}]},{\"type\":\"quotation\",\"props\":{\"content\":\"\"}}]}]}]}],\"version\":\"4.4.12\"} --><\/p>","protected":false},"excerpt":{"rendered":"<p>KLUB \u010cLANOVA Na obroncima na\u0161eg brega pri\u010da po\u010dinje, zavirimo zajedno Za one koji vino ne piju, ve\u0107 ga \u017eive Mesto susreta ljudi, ukusa i se\u0107anja Na\u0161a vinarija nudi mogu\u0107nost da postanete deo na\u0161eg kluba i ostvarite mnogobrojne povoljnosti U nastavku mo\u017eete pogledati cene paketa kao i njihov sadr\u017eaj Pla\u0107anjem godi\u0161nje \u010dlanarine\u00a0 ostvarujete popust u vrednosti [&hellip;]<\/p>","protected":false},"author":3,"featured_media":0,"parent":0,"menu_order":0,"comment_status":"closed","ping_status":"closed","template":"","meta":{"footnotes":""},"class_list":["post-1712","page","type-page","status-publish","hentry"],"_links":{"self":[{"href":"https:\/\/vinarijabreg.com\/en\/wp-json\/wp\/v2\/pages\/1712","targetHints":{"allow":["GET"]}}],"collection":[{"href":"https:\/\/vinarijabreg.com\/en\/wp-json\/wp\/v2\/pages"}],"about":[{"href":"https:\/\/vinarijabreg.com\/en\/wp-json\/wp\/v2\/types\/page"}],"author":[{"embeddable":true,"href":"https:\/\/vinarijabreg.com\/en\/wp-json\/wp\/v2\/users\/3"}],"replies":[{"embeddable":true,"href":"https:\/\/vinarijabreg.com\/en\/wp-json\/wp\/v2\/comments?post=1712"}],"version-history":[{"count":64,"href":"https:\/\/vinarijabreg.com\/en\/wp-json\/wp\/v2\/pages\/1712\/revisions"}],"predecessor-version":[{"id":1783,"href":"https:\/\/vinarijabreg.com\/en\/wp-json\/wp\/v2\/pages\/1712\/revisions\/1783"}],"wp:attachment":[{"href":"https:\/\/vinarijabreg.com\/en\/wp-json\/wp\/v2\/media?parent=1712"}],"curies":[{"name":"wp","href":"https:\/\/api.w.org\/{rel}","templated":true}]}}