{"id":1699,"date":"2025-08-20T17:31:02","date_gmt":"2025-08-20T15:31:02","guid":{"rendered":"https:\/\/vinarijabreg.com\/?page_id=1699"},"modified":"2025-08-20T17:31:08","modified_gmt":"2025-08-20T15:31:08","slug":"uslovi-koriscenja","status":"publish","type":"page","link":"https:\/\/vinarijabreg.com\/en\/uslovi-koriscenja\/","title":{"rendered":"Uslovi kori\u0161\u0107enja"},"content":{"rendered":"<div>\n<p>USLOVI KORI\u0160\u0106ENJA<\/p>\n<p><strong>Uslovi<\/strong><\/p>\n<p>Molimo pro\u010ditajte ove uslove i odredbe pre kori\u0161\u0107enja veb lokacije https:\/\/www.vinarijabreg.com<\/p>\n<p>Va\u0161 pristup i kori\u0161\u0107enje Usluge uslovljen je va\u0161im prihvatanjem i po\u0161tovanjem ovih Uslova. Ovi uslovi va\u017ee za sve posetioce, korisnike i ostale koji pristupe ili koriste Uslugu sajta www.vinarijabreg.com<\/p>\n<p>Pristupanjem ili kori\u0161\u0107enjem Usluge prihvatate da se ovim Uslovima obavezujete. Ako se ne sla\u017eete sa bilo kojim delom uslova, mo\u017eda ne\u0107ete imati pristup usluzi.I u tom slu\u010daju ne\u0107ete imati pristup sajtu.<\/p>\n<p>www.vinarijabreg.com nema kontrolu nad, i ne preuzima nikakvu odgovornost za sadr\u017eaj, politike privatnosti ili prakse bilo koje tre\u0107e veb stranice ili usluga. Nadalje potvr\u0111ujete i sla\u017eete se da www.vinarijabreg.com ne\u0107e biti odgovoran ili direktno, neizravno za bilo kakvu \u0161tetu ili gubitak prouzrokovan ili navodno prouzrokovan ili povezan sa upotrebom ili oslanjanjem na bilo kakav takav sadr\u017eaj,usluge dostupno na ili putem bilo koje takve veb stranice ili usluge.<\/p>\n<p><strong>Promene<\/strong><\/p>\n<p>Zadr\u017eavamo pravo, po sopstvenom naho\u0111enju, da izmenimo ili zamenimo ove Uslove u bilo koje vreme. Ako je revizija materijalna, poku\u0161a\u0107emo vam dati otkaz najmanje 30 dana pre stupanja na snagu novih uslova. Ono \u0161to predstavlja zna\u010dajnu promenu bi\u0107e odlu\u010deno po na\u0161em sopstvenom naho\u0111enju.<\/p>\n<p><strong>Kontaktirajte nas<\/strong><\/p>\n<p>Ako imate bilo kakvih pitanja o ovim Uslovima, kontaktirajte nas.<\/p>\n<\/div>\n<p><!--more--><br \/>\n<!-- {\"type\":\"layout\",\"children\":[{\"type\":\"section\",\"props\":{\"image_position\":\"center-center\",\"style\":\"default\",\"title_breakpoint\":\"xl\",\"title_position\":\"top-left\",\"title_rotation\":\"left\",\"vertical_align\":\"middle\",\"width\":\"default\"},\"children\":[{\"type\":\"row\",\"children\":[{\"type\":\"column\",\"props\":{\"image_position\":\"center-center\",\"position_sticky_breakpoint\":\"m\"},\"children\":[{\"type\":\"text\",\"props\":{\"column_breakpoint\":\"m\",\"content\":\"\n\n<p>USLOVI KORI\\u0160\\u0106ENJA<\\\/p>\\n\n\n<p><strong>Uslovi<\\\/strong><\\\/p>\\n\n\n<p>Molimo pro\\u010ditajte ove uslove i odredbe pre kori\\u0161\\u0107enja veb lokacije https:\\\/\\\/www.vinarijabreg.com<\\\/p>\\n\n\n<p>Va\\u0161 pristup i kori\\u0161\\u0107enje Usluge uslovljen je va\\u0161im prihvatanjem i po\\u0161tovanjem ovih Uslova. Ovi uslovi va\\u017ee za sve posetioce, korisnike i ostale koji pristupe ili koriste Uslugu sajta www.vinarijabreg.com<\\\/p>\\n\n\n<p>Pristupanjem ili kori\\u0161\\u0107enjem Usluge prihvatate da se ovim Uslovima obavezujete. Ako se ne sla\\u017eete sa bilo kojim delom uslova, mo\\u017eda ne\\u0107ete imati pristup usluzi.I u tom slu\\u010daju ne\\u0107ete imati pristup sajtu.<\\\/p>\\n\n\n<p>www.vinarijabreg.com nema kontrolu nad, i ne preuzima nikakvu odgovornost za sadr\\u017eaj, politike privatnosti ili prakse bilo koje tre\\u0107e veb stranice ili usluga. Nadalje potvr\\u0111ujete i sla\\u017eete se da www.vinarijabreg.com ne\\u0107e biti odgovoran ili direktno, neizravno za bilo kakvu \\u0161tetu ili gubitak prouzrokovan ili navodno prouzrokovan ili povezan sa upotrebom ili oslanjanjem na bilo kakav takav sadr\\u017eaj,usluge dostupno na ili putem bilo koje takve veb stranice ili usluge.<\\\/p>\\n\n\n<p><strong>Promene<\\\/strong><\\\/p>\\n\n\n<p>Zadr\\u017eavamo pravo, po sopstvenom naho\\u0111enju, da izmenimo ili zamenimo ove Uslove u bilo koje vreme. Ako je revizija materijalna, poku\\u0161a\\u0107emo vam dati otkaz najmanje 30 dana pre stupanja na snagu novih uslova. Ono \\u0161to predstavlja zna\\u010dajnu promenu bi\\u0107e odlu\\u010deno po na\\u0161em sopstvenom naho\\u0111enju.<\\\/p>\\n\n\n<p><strong>Kontaktirajte nas<\\\/strong><\\\/p>\\n\n\n<p>Ako imate bilo kakvih pitanja o ovim Uslovima, kontaktirajte nas.<\\\/p>\",\"margin\":\"default\"}}]}]}]}],\"version\":\"4.4.12\"} --><\/p>","protected":false},"excerpt":{"rendered":"<p>USLOVI KORI\u0160\u0106ENJA Uslovi Molimo pro\u010ditajte ove uslove i odredbe pre kori\u0161\u0107enja veb lokacije https:\/\/www.vinarijabreg.com Va\u0161 pristup i kori\u0161\u0107enje Usluge uslovljen je va\u0161im prihvatanjem i po\u0161tovanjem ovih Uslova. Ovi uslovi va\u017ee za sve posetioce, korisnike i ostale koji pristupe ili koriste Uslugu sajta www.vinarijabreg.com Pristupanjem ili kori\u0161\u0107enjem Usluge prihvatate da se ovim Uslovima obavezujete. Ako se [&hellip;]<\/p>","protected":false},"author":1,"featured_media":0,"parent":0,"menu_order":0,"comment_status":"closed","ping_status":"closed","template":"","meta":{"footnotes":""},"class_list":["post-1699","page","type-page","status-publish","hentry"],"_links":{"self":[{"href":"https:\/\/vinarijabreg.com\/en\/wp-json\/wp\/v2\/pages\/1699","targetHints":{"allow":["GET"]}}],"collection":[{"href":"https:\/\/vinarijabreg.com\/en\/wp-json\/wp\/v2\/pages"}],"about":[{"href":"https:\/\/vinarijabreg.com\/en\/wp-json\/wp\/v2\/types\/page"}],"author":[{"embeddable":true,"href":"https:\/\/vinarijabreg.com\/en\/wp-json\/wp\/v2\/users\/1"}],"replies":[{"embeddable":true,"href":"https:\/\/vinarijabreg.com\/en\/wp-json\/wp\/v2\/comments?post=1699"}],"version-history":[{"count":2,"href":"https:\/\/vinarijabreg.com\/en\/wp-json\/wp\/v2\/pages\/1699\/revisions"}],"predecessor-version":[{"id":1701,"href":"https:\/\/vinarijabreg.com\/en\/wp-json\/wp\/v2\/pages\/1699\/revisions\/1701"}],"wp:attachment":[{"href":"https:\/\/vinarijabreg.com\/en\/wp-json\/wp\/v2\/media?parent=1699"}],"curies":[{"name":"wp","href":"https:\/\/api.w.org\/{rel}","templated":true}]}}