{"id":1696,"date":"2025-08-20T17:26:48","date_gmt":"2025-08-20T15:26:48","guid":{"rendered":"https:\/\/vinarijabreg.com\/?page_id=1696"},"modified":"2025-08-20T17:26:48","modified_gmt":"2025-08-20T15:26:48","slug":"politika-privatnosti","status":"publish","type":"page","link":"https:\/\/vinarijabreg.com\/en\/politika-privatnosti\/","title":{"rendered":"Politika privatnosti"},"content":{"rendered":"<div>\n<p>POLITIKA PRIVATNOSTI<\/p>\n<p>Portal www.vinarijabreg.com po\u0161tuje privatnost korisnika i u potpunosti je spreman da je za\u0161titi.<br \/>Portal www.vinarijabreg.com ne prikuplja Va\u0161e li\u010dne podatke kao \u0161to su ime, adresa, broj telefona ili e-mail. te se u smislu navedenog obavezuje da \u0107e dobronamerno koristiti podatke dobijene od korisnika tokom kori\u0161\u0107enja portala, te da privatne podatke korisnika ne\u0107e distribuirati, niti prodavati ili prezentovati tre\u0107oj strani, osim uz isklju\u010divu dozvolu korisnika ili ako se ne radi o demografskim podacima za grupu korisnika koji ne podrazumevaju odavanje privatnih podataka<br \/>Portal www.vinarijabreg.com mo\u017ee, u skladu sa zakonom, prikupljati odre\u0111ene informacije o korisnicima dobijene tokom kori\u0161\u0107enja portala (isklju\u010divo podaci o ra\u010dunaru i podaci o Internet provajderu) ili podatke une\u0161ene u postupku registracije. Ove podatke www.vinarijabreg.com mo\u017ee koristiti kako bi imao informacije o svojim korisnicima, te na taj na\u010din pobolj\u0161ao portal i njegove sadr\u017eaje dodatno usmerio i prilagodio grupaciji koja ga pose\u0107uje.<br \/>Portal www.vinarijabreg.com se obavezuje da \u0107e \u010duvati privatnost korisnika portala osim u slu\u010daju te\u0161kog kr\u0161enja propisanih pravila ili nezakonitih aktivnosti korisnika.<br \/>Portal www.vinarijabreg.com zadr\u017eava pravo da bez najave promeni ili modifikuje pravila, u kom slu\u010daju \u0107e o va\u017enim promenama i dopunama pravila i uslova kori\u0161\u0107enja korisnike obavestiti putem e-maila ili objavljivanjem na samom portalu.<br \/>Molimo da nas kontaktirate ukoliko imate bilo kakva dodatna pitanja o posve\u0107enosti Portala www.vinarijabreg.com za\u0161titi privatnosti internet korisnika.<\/p>\n<\/div>\n<p><!--more--><br \/>\n<!-- {\"type\":\"layout\",\"children\":[{\"type\":\"section\",\"props\":{\"image_position\":\"center-center\",\"style\":\"default\",\"title_breakpoint\":\"xl\",\"title_position\":\"top-left\",\"title_rotation\":\"left\",\"vertical_align\":\"middle\",\"width\":\"default\"},\"children\":[{\"type\":\"row\",\"children\":[{\"type\":\"column\",\"props\":{\"image_position\":\"center-center\",\"position_sticky_breakpoint\":\"m\"},\"children\":[{\"type\":\"text\",\"props\":{\"column_breakpoint\":\"m\",\"content\":\"\n\n<p>POLITIKA PRIVATNOSTI<\\\/p>\\n\n\n<p>Portal www.vinarijabreg.com po\\u0161tuje privatnost korisnika i u potpunosti je spreman da je za\\u0161titi.<br \\\/>Portal www.vinarijabreg.com ne prikuplja Va\\u0161e li\\u010dne podatke kao \\u0161to su ime, adresa, broj telefona ili e-mail. te se u smislu navedenog obavezuje da \\u0107e dobronamerno koristiti podatke dobijene od korisnika tokom kori\\u0161\\u0107enja portala, te da privatne podatke korisnika ne\\u0107e distribuirati, niti prodavati ili prezentovati tre\\u0107oj strani, osim uz isklju\\u010divu dozvolu korisnika ili ako se ne radi o demografskim podacima za grupu korisnika koji ne podrazumevaju odavanje privatnih podataka<br \\\/>Portal www.vinarijabreg.com mo\\u017ee, u skladu sa zakonom, prikupljati odre\\u0111ene informacije o korisnicima dobijene tokom kori\\u0161\\u0107enja portala (isklju\\u010divo podaci o ra\\u010dunaru i podaci o Internet provajderu) ili podatke une\\u0161ene u postupku registracije. Ove podatke www.vinarijabreg.com mo\\u017ee koristiti kako bi imao informacije o svojim korisnicima, te na taj na\\u010din pobolj\\u0161ao portal i njegove sadr\\u017eaje dodatno usmerio i prilagodio grupaciji koja ga pose\\u0107uje.<br \\\/>Portal www.vinarijabreg.com se obavezuje da \\u0107e \\u010duvati privatnost korisnika portala osim u slu\\u010daju te\\u0161kog kr\\u0161enja propisanih pravila ili nezakonitih aktivnosti korisnika.<br \\\/>Portal www.vinarijabreg.com zadr\\u017eava pravo da bez najave promeni ili modifikuje pravila, u kom slu\\u010daju \\u0107e o va\\u017enim promenama i dopunama pravila i uslova kori\\u0161\\u0107enja korisnike obavestiti putem e-maila ili objavljivanjem na samom portalu.<br \\\/>Molimo da nas kontaktirate ukoliko imate bilo kakva dodatna pitanja o posve\\u0107enosti Portala www.vinarijabreg.com za\\u0161titi privatnosti internet korisnika.<\\\/p>\",\"margin\":\"default\"}}]}]}]}],\"version\":\"4.4.12\"} --><\/p>","protected":false},"excerpt":{"rendered":"<p>POLITIKA PRIVATNOSTI Portal www.vinarijabreg.com po\u0161tuje privatnost korisnika i u potpunosti je spreman da je za\u0161titi.Portal www.vinarijabreg.com ne prikuplja Va\u0161e li\u010dne podatke kao \u0161to su ime, adresa, broj telefona ili e-mail. te se u smislu navedenog obavezuje da \u0107e dobronamerno koristiti podatke dobijene od korisnika tokom kori\u0161\u0107enja portala, te da privatne podatke korisnika ne\u0107e distribuirati, niti [&hellip;]<\/p>","protected":false},"author":1,"featured_media":0,"parent":0,"menu_order":0,"comment_status":"closed","ping_status":"closed","template":"","meta":{"footnotes":""},"class_list":["post-1696","page","type-page","status-publish","hentry"],"_links":{"self":[{"href":"https:\/\/vinarijabreg.com\/en\/wp-json\/wp\/v2\/pages\/1696","targetHints":{"allow":["GET"]}}],"collection":[{"href":"https:\/\/vinarijabreg.com\/en\/wp-json\/wp\/v2\/pages"}],"about":[{"href":"https:\/\/vinarijabreg.com\/en\/wp-json\/wp\/v2\/types\/page"}],"author":[{"embeddable":true,"href":"https:\/\/vinarijabreg.com\/en\/wp-json\/wp\/v2\/users\/1"}],"replies":[{"embeddable":true,"href":"https:\/\/vinarijabreg.com\/en\/wp-json\/wp\/v2\/comments?post=1696"}],"version-history":[{"count":2,"href":"https:\/\/vinarijabreg.com\/en\/wp-json\/wp\/v2\/pages\/1696\/revisions"}],"predecessor-version":[{"id":1698,"href":"https:\/\/vinarijabreg.com\/en\/wp-json\/wp\/v2\/pages\/1696\/revisions\/1698"}],"wp:attachment":[{"href":"https:\/\/vinarijabreg.com\/en\/wp-json\/wp\/v2\/media?parent=1696"}],"curies":[{"name":"wp","href":"https:\/\/api.w.org\/{rel}","templated":true}]}}